{"id":17942,"date":"2019-12-20T09:22:28","date_gmt":"2019-12-20T08:22:28","guid":{"rendered":"http:\/\/fundacioplanascasals.org\/?page_id=17942"},"modified":"2025-08-01T08:06:56","modified_gmt":"2025-08-01T06:06:56","slug":"transparencia","status":"publish","type":"page","link":"https:\/\/fundacioplanascasals.org\/es\/transparencia\/","title":{"rendered":"Transparencia"},"content":{"rendered":"<p>[vc_row][vc_column][vc_column_text]De acuerdo con la normativa de transparencia en aplicaci\u00f3n de la ORDRE JUS\/152\/20181 de 12 de septiembre publicada en el DOGC del 17 de septiembre, os informamos de los aspectos que detalla el art\u00edculo 7.<\/p>\n<p>La Fundaci\u00f3 Planas Casals fue inscrita en el Registre de Fundacions de la Generalitat de Catalunya con el n\u00ba 2593 y clasificada como fundaci\u00f3n ben\u00e9fica de tipo cultural y asistencial. Se rige por la Llei Catalana de Fundacions y por sus estatutos. Est\u00e1 acogida al r\u00e9gimen fiscal de la Ley 49\/2002, de 23 de diciembre, de las entidades sin \u00e1nimo de lucro y de los incentivos fiscales al mecenazgo.La Fundaci\u00f3 Planas Casals va ser inscrita al Registre de Fundacions de la Generalitat de Catalunya amb el n \u00ba 2593 i classificada com a fundaci\u00f3 ben\u00e8fica de tipus cultural i assistencial. Es regeix per la Llei Catalana de Fundacions i pels seus estatuts. Est\u00e0 acollida al r\u00e8gim fiscal de la Llei 49\/2002, de 23 de desembre, de les entitats sense \u00e0nim de lucre i dels incentius fiscals al mecenatge.<\/p>\n<p>&nbsp;<\/p>\n<h3>1. Actividades<\/h3>\n<p>Actualmente trabajamos en las \u00e1reas de personas mayores y juventud, prioritariamente en beneficio de las mujeres.<\/p>\n<h5>Formaci\u00f3n<\/h5>\n<p>Ofrecemos formaci\u00f3n para familiares, profesionales o voluntarios que acompa\u00f1an o cuidan a personas en situaci\u00f3n de dependencia en el entorno familiar.<\/p>\n<h5>Voluntariado<\/h5>\n<p>Tenemos un programa orientado a enriquecer la vida de las personas solas o con poca familia que residen en instituciones asistenciales.<\/p>\n<h5>Servicios<\/h5>\n<p>Ofrecemos servicios de orientaci\u00f3n relacionados con las ayudas a la dependencia y a la mobilidad.<\/p>\n<h5>Juventud<\/h5>\n<p>Apoyamos a algunas entidades que tienen fines compartidos en los \u00e1mbitos educativo, cultural o intergeneracional.<\/p>\n<h3><\/h3>\n<p><\/p>\n<h3>2. Direcciones de correo postal y electr\u00f3nico<\/h3>\n<p><\/p>\n<ul>\n<li>Correo postal: Muntaner 98-100 4o 2a Barcelona 08036<\/li>\n<li>Correo electr\u00f3nico: info@fundacioplanascasals.org<\/li>\n<\/ul>\n<p><\/p>\n<h3>3. Composici\u00f3n de los \u00f3rganos de gobierno y del equipo directivo<\/h3>\n<p><\/p>\n<h5>Patronato<\/h5>\n<p>Presidenta: Elisabet Faus Masifern<\/p>\n<p>Vicepresidenta: M. Teresa Soler Ros<\/p>\n<p>Secretaria: M. Consolaci\u00f3n de Le\u00f3n Llorente<\/p>\n<p>Vocal: M. Jes\u00fas Sanz Gonzalo<\/p>\n<p>Vocal: Sigrid Martens<\/p>\n<p>Vocal: Itziar de Ros Ravent\u00f3s<\/p>\n<h5>Equipo directivo<\/h5>\n<p>M. Dolores G\u00e1llego Llorens<\/p>\n<p>Carmen Dom\u00e9nech Linde<\/p>\n<h3><\/h3>\n<p><\/p>\n<h3>4. Estados financieros y memoria economica<\/h3>\n<p><a href=\"https:\/\/fundacioplanascasals.org\/wp-content\/uploads\/2017\/03\/CUENTAS-ANUALES-2025.pdf\" target=\"_blank\" rel=\"noopener\">Estados financieros<\/a><\/p>\n<p><a href=\"https:\/\/fundacioplanascasals.org\/wp-content\/uploads\/2017\/03\/MEMORIA-2025.pdf\" target=\"_blank\" rel=\"noopener\">Memoria economica<\/a><\/p>\n<p><a href=\"https:\/\/fundacioplanascasals.org\/wp-content\/uploads\/2017\/03\/AUDITORIA-2025.pdf\" target=\"_blank\" rel=\"noopener\">Auditor\u00eda<\/a><\/p>\n<p><a href=\"https:\/\/fundacioplanascasals.org\/wp-content\/uploads\/2017\/03\/CODIGO-DE-CONDUCTA-2025.pdf\" target=\"_blank\" rel=\"noopener\">C\u00f3digo de conducta<\/a><\/p>\n<h3>5. Estatutos<\/h3>\n<p><a href=\"https:\/\/fundacioplanascasals.org\/wp-content\/uploads\/2017\/03\/Estatuts-Fundacio\u0301-Planas-Casals-2020.pdf\">Estatutos<\/a><\/p>\n<h3><\/h3>\n<p><\/p>\n<h3>6. Estructura directiva y de gobierno \u2013 Estructura organizativa<\/h3>\n<p>Gerencia y coordinaci\u00f3n: M. Dolores Gallego<\/p>\n<p>Direcci\u00f3n de programas y proyectos: Carmen Dom\u00e9nech<\/p>\n<h3><\/h3>\n<p><\/p>\n<h3>7. Fines o finalidades<\/h3>\n<p>La fundacio\u0301n tiene por objeto, con car\u00e1cter general, la realizaci\u00f3n de todo tipo de promociones, actividades y concesi\u00f3n de ayudas que contribuyan al fomento y desarrollo de la educaci\u00f3n y de la cultura, con especial atenci\u00f3n a la familia, la mujer y prioritariamente a la infancia y juventud, en todos sus aspectos y en el sentido m\u00e1s amplio.<\/p>\n<h3><\/h3>\n<p><\/p>\n<h3><strong>8. Misi\u00f3n de la entidad<\/strong><\/h3>\n<p>Fomentar la educaci\u00f3n y la cultura, la atenci\u00f3n a las familias y el cuidado de las personas solas o dependientes.<\/p>\n<h3><\/h3>\n<p><\/p>\n<h3>9. Resultado de las activitades cumplidas<\/h3>\n<p><a href=\"https:\/\/fundacioplanascasals.org\/wp-content\/uploads\/2017\/03\/MEMORIA-2025.pdf\" target=\"_blank\" rel=\"noopener\">Memoria de actividades<\/a><\/p>\n<h3><\/h3>\n<p><\/p>\n<h3>10. Web<\/h3>\n<p>https:\/\/fundacioplanascasals.org\/es\/[\/vc_column_text][\/vc_column][\/vc_row]<\/p>\n","protected":false},"excerpt":{"rendered":"<p>[vc_row][vc_column][vc_column_text]De acuerdo con la normativa de transparencia en aplicaci\u00f3n de la ORDRE JUS\/152\/20181 de 12 de septiembre publicada en el&#8230;<\/p>\n","protected":false},"author":1,"featured_media":0,"parent":0,"menu_order":0,"comment_status":"closed","ping_status":"closed","template":"","meta":[],"_links":{"self":[{"href":"https:\/\/fundacioplanascasals.org\/es\/wp-json\/wp\/v2\/pages\/17942"}],"collection":[{"href":"https:\/\/fundacioplanascasals.org\/es\/wp-json\/wp\/v2\/pages"}],"about":[{"href":"https:\/\/fundacioplanascasals.org\/es\/wp-json\/wp\/v2\/types\/page"}],"author":[{"embeddable":true,"href":"https:\/\/fundacioplanascasals.org\/es\/wp-json\/wp\/v2\/users\/1"}],"replies":[{"embeddable":true,"href":"https:\/\/fundacioplanascasals.org\/es\/wp-json\/wp\/v2\/comments?post=17942"}],"version-history":[{"count":31,"href":"https:\/\/fundacioplanascasals.org\/es\/wp-json\/wp\/v2\/pages\/17942\/revisions"}],"predecessor-version":[{"id":18574,"href":"https:\/\/fundacioplanascasals.org\/es\/wp-json\/wp\/v2\/pages\/17942\/revisions\/18574"}],"wp:attachment":[{"href":"https:\/\/fundacioplanascasals.org\/es\/wp-json\/wp\/v2\/media?parent=17942"}],"curies":[{"name":"wp","href":"https:\/\/api.w.org\/{rel}","templated":true}]}}