{"id":17686,"date":"2019-12-31T13:46:28","date_gmt":"2019-12-31T12:46:28","guid":{"rendered":"http:\/\/fundacioplanascasals.org\/?page_id=17686"},"modified":"2020-03-12T17:28:30","modified_gmt":"2020-03-12T16:28:30","slug":"contacta","status":"publish","type":"page","link":"https:\/\/fundacioplanascasals.org\/es\/contacta\/","title":{"rendered":"Contacta"},"content":{"rendered":"<p>[vc_row css=\u00bb.vc_custom_1519277414824{padding-bottom: 30px !important;}\u00bb][vc_column width=\u00bb4\/12&#8243; css=\u00bb.vc_custom_1519274434050{border-top-width: 1px !important;border-right-width: 1px !important;border-bottom-width: 1px !important;border-left-width: 1px !important;padding-top: 20px !important;padding-right: 30px !important;padding-bottom: 0px !important;padding-left: 30px !important;background-color: #f9f9f9 !important;border-left-color: #eeeeee !important;border-left-style: solid !important;border-right-color: #eeeeee !important;border-right-style: solid !important;border-top-color: #eeeeee !important;border-top-style: solid !important;border-bottom-color: #eeeeee !important;border-bottom-style: solid !important;border-radius: 1px !important;}\u00bb][vc_custom_heading text=\u00bbContacta con nosotros\u00bb use_theme_fonts=\u00bbyes\u00bb css=\u00bb.vc_custom_1576835020085{margin-top: 10px !important;}\u00bb][vc_column_text css=\u00bb.vc_custom_1577204894494{margin-bottom: 20px !important;}\u00bb]Nos puedes encontrar aqu\u00ed o escribirnos a trav\u00e9s del formulario[\/vc_column_text][vc_column_text]<strong>Direcci\u00f3n<\/strong>: Calle Muntaner, 98-100 &#8211; 08036 Barcelona<\/p>\n<p><strong>Correo<\/strong>: info@fundacioplanascasals.org<\/p>\n<p><strong>Tel\u00e9fono<\/strong>: +34 934 51 51 97[\/vc_column_text][\/vc_column][vc_column width=\u00bb8\/12&#8243;]<div role=\"form\" class=\"wpcf7\" id=\"wpcf7-f5-o1\" lang=\"es-ES\" dir=\"ltr\">\n<div class=\"screen-reader-response\"><\/div>\n<form action=\"\/es\/wp-json\/wp\/v2\/pages\/17686#wpcf7-f5-o1\" method=\"post\" class=\"wpcf7-form\" novalidate=\"novalidate\">\n<div style=\"display: none;\">\n<input type=\"hidden\" name=\"_wpcf7\" value=\"5\" \/>\n<input type=\"hidden\" name=\"_wpcf7_version\" value=\"5.1.7\" \/>\n<input type=\"hidden\" name=\"_wpcf7_locale\" value=\"es_ES\" \/>\n<input type=\"hidden\" name=\"_wpcf7_unit_tag\" value=\"wpcf7-f5-o1\" \/>\n<input type=\"hidden\" name=\"_wpcf7_container_post\" value=\"0\" \/>\n<input type=\"hidden\" name=\"g-recaptcha-response\" value=\"\" \/>\n<\/div>\n<div class=\"row\">\n<div class=\"col-md-6\">\n<div class=\"form-group mb-20\">\n\t\t<span class=\"wpcf7-form-control-wrap your-name\"><input type=\"text\" name=\"your-name\" value=\"\" size=\"40\" class=\"wpcf7-form-control wpcf7-text wpcf7-validates-as-required form-control\" aria-required=\"true\" aria-invalid=\"false\" placeholder=\"Nombre*\" \/><\/span>\n\t\t<\/div><\/div>\n<div class=\"col-md-6\">\n<div class=\"form-group mb-20\">\n\t\t<span class=\"wpcf7-form-control-wrap your-email\"><input type=\"email\" name=\"your-email\" value=\"\" size=\"40\" class=\"wpcf7-form-control wpcf7-text wpcf7-email wpcf7-validates-as-required wpcf7-validates-as-email form-control\" aria-required=\"true\" aria-invalid=\"false\" placeholder=\"Correo electr\u00f3nico*\" \/><\/span>\n\t\t<\/div><\/div>\n<div class=\"col-md-6\">\n<div class=\"form-group mb-20\">\n\t\t<span class=\"wpcf7-form-control-wrap your-phone\"><input type=\"tel\" name=\"your-phone\" value=\"\" size=\"40\" class=\"wpcf7-form-control wpcf7-text wpcf7-tel wpcf7-validates-as-required wpcf7-validates-as-tel form-control\" aria-required=\"true\" aria-invalid=\"false\" placeholder=\"Tel\u00e9fono*\" \/><\/span>\n\t\t<\/div><\/div>\n<div class=\"col-md-6\">\n<div class=\"form-group mb-20\">\n\t\t<span class=\"wpcf7-form-control-wrap your-subject\"><input type=\"text\" name=\"your-subject\" value=\"\" size=\"40\" class=\"wpcf7-form-control wpcf7-text form-control\" aria-invalid=\"false\" placeholder=\"Asunto\" \/><\/span>\n\t\t<\/div><\/div>\n<div class=\"col-md-12\">\n<div class=\"form-group mb-10\">\n\t\t<span class=\"wpcf7-form-control-wrap your-message\"><textarea name=\"your-message\" cols=\"40\" rows=\"6\" class=\"wpcf7-form-control wpcf7-textarea wpcf7-validates-as-required form-control\" aria-required=\"true\" aria-invalid=\"false\" placeholder=\"Mensaje*\"><\/textarea><\/span>\n\t\t<\/div><\/div>\n<div class=\"col-md-12\">\n\t\t<span class=\"wpcf7-form-control-wrap acceptance-968\"><span class=\"wpcf7-form-control wpcf7-acceptance\"><span class=\"wpcf7-list-item\"><label><input type=\"checkbox\" name=\"acceptance-968\" value=\"1\" aria-invalid=\"false\" \/><span class=\"wpcf7-list-item-label\">Consiento el tratamiento de mis datos. FUNDACI\u00d3 PLANAS CASALS tratar\u00e1 sus datos con la finalidad de contestar a sus consultas, dudas o reclamaciones. Puede ejercer sus derechos de acceso, rectificaci\u00f3n, supresi\u00f3n, portabilidad, limitaci\u00f3n y oposici\u00f3n, como le informamos en nuestra <a href=\"http:\/\/fundacioplanascasals.org\/es\/politica-de-privacidad-y-aviso-legal\/\" title=\"Pol\u00edtica de Privacidad y Aviso Legal\" target=\"_blank\">Pol\u00edtica de Privacidad y Aviso Legal<\/a>.<\/span><\/label><\/span><\/span><\/span>\n\t<\/div>\n<div class=\"col-md-12\">\n<div class=\"form-group\">\n\t\t<input type=\"submit\" value=\"Enviar\" class=\"wpcf7-form-control wpcf7-submit btn btn-theme-colored1\" \/>\n\t\t<\/div><\/div>\n<\/div>\n<div class=\"wpcf7-response-output wpcf7-display-none\"><\/div><\/form><\/div>[\/vc_column][\/vc_row][vc_row full_width=\u00bbstretch_row_content_no_spaces\u00bb css=\u00bb.vc_custom_1519277569302{padding-top: 20px !important;padding-bottom: 0px !important;}\u00bb][vc_column][\/vc_column][\/vc_row]<\/p>\n","protected":false},"excerpt":{"rendered":"<p>[vc_row css=\u00bb.vc_custom_1519277414824{padding-bottom: 30px !important;}\u00bb][vc_column width=\u00bb4\/12&#8243; css=\u00bb.vc_custom_1519274434050{border-top-width: 1px !important;border-right-width: 1px !important;border-bottom-width: 1px !important;border-left-width: 1px !important;padding-top: 20px !important;padding-right: 30px !important;padding-bottom: 0px !important;padding-left:&#8230;<\/p>\n","protected":false},"author":1,"featured_media":0,"parent":0,"menu_order":0,"comment_status":"closed","ping_status":"closed","template":"","meta":[],"_links":{"self":[{"href":"https:\/\/fundacioplanascasals.org\/es\/wp-json\/wp\/v2\/pages\/17686"}],"collection":[{"href":"https:\/\/fundacioplanascasals.org\/es\/wp-json\/wp\/v2\/pages"}],"about":[{"href":"https:\/\/fundacioplanascasals.org\/es\/wp-json\/wp\/v2\/types\/page"}],"author":[{"embeddable":true,"href":"https:\/\/fundacioplanascasals.org\/es\/wp-json\/wp\/v2\/users\/1"}],"replies":[{"embeddable":true,"href":"https:\/\/fundacioplanascasals.org\/es\/wp-json\/wp\/v2\/comments?post=17686"}],"version-history":[{"count":4,"href":"https:\/\/fundacioplanascasals.org\/es\/wp-json\/wp\/v2\/pages\/17686\/revisions"}],"predecessor-version":[{"id":17880,"href":"https:\/\/fundacioplanascasals.org\/es\/wp-json\/wp\/v2\/pages\/17686\/revisions\/17880"}],"wp:attachment":[{"href":"https:\/\/fundacioplanascasals.org\/es\/wp-json\/wp\/v2\/media?parent=17686"}],"curies":[{"name":"wp","href":"https:\/\/api.w.org\/{rel}","templated":true}]}}