{"id":17684,"date":"2019-12-20T09:29:46","date_gmt":"2019-12-20T08:29:46","guid":{"rendered":"http:\/\/fundacioplanascasals.org\/?page_id=17684"},"modified":"2022-10-28T10:29:06","modified_gmt":"2022-10-28T08:29:06","slug":"colabora","status":"publish","type":"page","link":"https:\/\/fundacioplanascasals.org\/es\/colabora\/","title":{"rendered":"Colabora"},"content":{"rendered":"<p>[vc_row][vc_column][vc_cta h2=\u00bbQuieres informaci\u00f3n sobre c\u00f3mo ser voluntario o hacer un donativo?\u00bb h4=\u00bbTe explicamos c\u00f3mo debajo.\u00bb][\/vc_cta][\/vc_column][\/vc_row][vc_row css=\u00bb.vc_custom_1527918989580{padding-bottom: 60px !important;}\u00bb][vc_column width=\u00bb1\/2&#8243;][vc_column_text]<\/p>\n<h3>Para ser voluntario o voluntaria<\/h3>\n<p>[\/vc_column_text][vc_column_text css=\u00bb.vc_custom_1612713426707{margin-bottom: 15px !important;}\u00bb]<\/p>\n<p align=\"justify\">Pueden ser voluntarias personas de cualquier edad, orientadas a la acci\u00f3n solidaria; que valoren la dignidad de cada persona y sepan poner el servicio al otro por encima de su satisfacci\u00f3n personal.<\/p>\n<p align=\"justify\">Valoramos especialmente la capacidad de mantener una escucha activa y una conversaci\u00f3n emp\u00e1tica, de igual a igual.<\/p>\n<p align=\"justify\">Para recibir m\u00e1s informaci\u00f3n o convertirte en voluntario, puedes llenar el formulario que encontrar\u00e1s debajo y nos pondremos en contacto contigo.<\/p>\n<p>[\/vc_column_text][\/vc_column][vc_column width=\u00bb1\/2&#8243;][vc_column_text]<\/p>\n<h3>Requisitos<\/h3>\n<p>[\/vc_column_text][vc_column_text css=\u00bb.vc_custom_1578594887177{margin-bottom: 15px !important;}\u00bb]Os detallamos a continuaci\u00f3n los requisitos para ser voluntario.[\/vc_column_text]<div class=\"tm-sc tm-sc-unordered-list list-style5 \" >\n\t<\/p>\n<ul>\n<li>Tareas: visitar a las personas beneficiarias y compartir con ellas aficiones, intereses e inquietudes<\/li>\n<li>Dedicaci\u00f3n: 2 horas semanales o quincenales<\/li>\n<li>Seguimiento: hay una persona coordinadora para cada equipo de voluntarios<\/li>\n<li>Formaci\u00f3n: peri\u00f3dicamente se imparten sesiones formativas orientada sa la mejora de las tareas de voluntariado<\/li>\n<li>Legislaci\u00f3n: de acuerdo con la legislaci\u00f3n vigente, cada voluntario firma una hoja de compromiso y colaboraci\u00f3n que excluye el \u00e1mbito de la legislaci\u00f3n laboral y en la cual se establecen los derechos y deberes del voluntario<\/li>\n<\/ul>\n<p><\/div>[vc_column_text][\/vc_column_text][\/vc_column][\/vc_row][vc_row css=\u00bb.vc_custom_1527918989580{padding-bottom: 60px !important;}\u00bb][vc_column width=\u00bb1\/2&#8243;][vc_column_text]<\/p>\n<h3>Para hacer un donativo<\/h3>\n<p>[\/vc_column_text][vc_column_text css=\u00bb.vc_custom_1666945501703{margin-bottom: 15px !important;}\u00bb]Para poder hacer un donativo a la Fundaci\u00f3n, hay dos opciones: rellenar una ficha para hacer la donaci\u00f3n a trav\u00e9s de domicializaci\u00f3n bancaria o transferencia, o realizar un donativo por bizum.<\/p>\n<p>Las cantidades donadas a la Fundaci\u00f3 por personas f\u00edsicas dan derecho a una deducci\u00f3n del 25% del impuesto sobre la Renta. Las cantidades donadas por personas jur\u00eddicas pueden deducirse de la cuota del impuesto de Sociedades, con los l\u00edmites que marca la Ley 49\/2002.<\/p>\n<p>En cumplimiento de la LOPD 15\/1999 y de la LSSI-CE 34\/2002, informamos que los datos de car\u00e1cter personal facilitados se incorporan a un fichero automatizado de la F. Planas Casals, y podr\u00e1n ser utilizados a efectos de comunicaciones relacionadas con la actividad de la Fundaci\u00f3n; se tendr\u00e1 el derecho de acceso, rectificaci\u00f3n, cancelaci\u00f3n y oposici\u00f3n, notific\u00e1ndolo a la Fundaci\u00f3n, Muntaner 98-100, 4\u00ba. 2a. 08036 Barcelona.<\/p>\n<p>Para m\u00e1s informaci\u00f3n, puede escribirnos en el formulario que encontrar\u00e1 a continuaci\u00f3n.[\/vc_column_text][\/vc_column][vc_column width=\u00bb1\/2&#8243;][vc_column_text]<\/p>\n<h3>Ficha<\/h3>\n<p>[\/vc_column_text][vc_column_text css=\u00bb.vc_custom_1612713226659{margin-bottom: 15px !important;}\u00bb]Puede descargar la ficha, llenarla y enviarla a la fundaci\u00f3n:<\/p>\n<ul>\n<li>por correo electr\u00f3nico a info@fundacioplanascasals.org<\/li>\n<li>por correo postal a Fundaci\u00f3n Planas Casals, Muntaner 98-100, 4\u00ba 2\u00aa. 08036 Barcelona<\/li>\n<\/ul>\n<p>[\/vc_column_text][vc_column_text]<a href=\"http:\/\/fundacioplanascasals.org\/wp-content\/uploads\/2021\/02\/fitxa-donatius-FPC-2021.pdf\">Ficha de colaboraci\u00f3n econ\u00f3mica <\/a>[\/vc_column_text][vc_column_text]<\/p>\n<h3>Bizum<\/h3>\n<p>[\/vc_column_text][vc_column_text css=\u00bb.vc_custom_1666945642550{margin-bottom: 15px !important;}\u00bb]N\u00famero de Bizum: 06267[\/vc_column_text][\/vc_column][\/vc_row][vc_row css=\u00bb.vc_custom_1527919376254{margin-bottom: 100px !important;border-top-width: 1px !important;border-bottom-width: 1px !important;border-left-width: 1px !important;padding-top: 30px !important;padding-right: 1px !important;padding-bottom: 70px !important;border-left-color: #eeeeee !important;border-left-style: solid !important;border-top-color: #eeeeee !important;border-top-style: solid !important;border-bottom-color: #eeeeee !important;border-bottom-style: solid !important;}\u00bb el_class=\u00bbbg-silver-light\u00bb][vc_column][vc_row_inner][vc_column_inner width=\u00bb2\/12&#8243;][\/vc_column_inner][vc_column_inner width=\u00bb8\/12&#8243;]<div class=\"tm-sc tm-sc-section-title section-title section-title-style1 text-center    \">\r\n\t<div class=\"title-wrapper\">\r\n\t\t\t\t\t\t<h2 class=\"title \" >\n\n\t\t\n\t\t\t\t<span class=\"text-theme-colored1\">Quiero m\u00e1s<\/span>\n\t\t\n\t\t\t\t<span class=\"\">informaci\u00f3n<\/span>\n\t\t\n\t\t\n\t<\/h2>\n\t<div class=\"title-seperator-line\"><\/div>\t\t\t\r\n\t\t\t\t<\/div>\r\n<\/div>[\/vc_column_inner][vc_column_inner width=\u00bb2\/12&#8243;][\/vc_column_inner][\/vc_row_inner][vc_row_inner css=\u00bb.vc_custom_1527918110149{padding-top: 30px !important;}\u00bb][vc_column_inner width=\u00bb2\/12&#8243;][\/vc_column_inner][vc_column_inner width=\u00bb8\/12&#8243;]<div role=\"form\" class=\"wpcf7\" id=\"wpcf7-f17775-o1\" lang=\"en-US\" dir=\"ltr\">\n<div class=\"screen-reader-response\"><\/div>\n<form action=\"\/es\/wp-json\/wp\/v2\/pages\/17684#wpcf7-f17775-o1\" method=\"post\" class=\"wpcf7-form\" novalidate=\"novalidate\">\n<div style=\"display: none;\">\n<input type=\"hidden\" name=\"_wpcf7\" value=\"17775\" \/>\n<input type=\"hidden\" name=\"_wpcf7_version\" value=\"5.1.7\" \/>\n<input type=\"hidden\" name=\"_wpcf7_locale\" value=\"en_US\" \/>\n<input type=\"hidden\" name=\"_wpcf7_unit_tag\" value=\"wpcf7-f17775-o1\" \/>\n<input type=\"hidden\" name=\"_wpcf7_container_post\" value=\"0\" \/>\n<input type=\"hidden\" name=\"g-recaptcha-response\" value=\"\" \/>\n<\/div>\n<div class=\"volunteer-register-form\">\n<div class=\"row\">\n<div class=\"col-md-12\">\n<div class=\"form-group mb-20\">\n\t\t\t<label>Nombre*:<\/label><br \/>\n\t\t\t<span class=\"wpcf7-form-control-wrap your-name\"><input type=\"text\" name=\"your-name\" value=\"\" size=\"40\" class=\"wpcf7-form-control wpcf7-text wpcf7-validates-as-required form-control\" aria-required=\"true\" aria-invalid=\"false\" \/><\/span>\n\t\t\t<\/div><\/div>\n<div class=\"col-md-12\">\n<div class=\"form-group mb-20\">\n\t\t\t<label>Correo electr\u00f3nico*:<\/label><br \/>\n\t\t\t<span class=\"wpcf7-form-control-wrap your-email\"><input type=\"email\" name=\"your-email\" value=\"\" size=\"40\" class=\"wpcf7-form-control wpcf7-text wpcf7-email wpcf7-validates-as-required wpcf7-validates-as-email form-control\" aria-required=\"true\" aria-invalid=\"false\" \/><\/span>\n\t\t\t<\/div><\/div>\n<div class=\"col-md-12\">\n<div class=\"form-group mb-20\">\n\t\t\t<label>Tel\u00e9fono*:<\/label><br \/>\n\t\t\t<span class=\"wpcf7-form-control-wrap your-phone\"><input type=\"text\" name=\"your-phone\" value=\"\" size=\"40\" class=\"wpcf7-form-control wpcf7-text wpcf7-validates-as-required form-control\" aria-required=\"true\" aria-invalid=\"false\" \/><\/span>\n\t\t\t<\/div><\/div>\n<div class=\"col-md-12\">\n<div class=\"form-group mb-20\">\n\t\t\t<label>Ocupaci\u00f3n*:<\/label><br \/>\n\t\t\t<span class=\"wpcf7-form-control-wrap your-occupation\"><input type=\"text\" name=\"your-occupation\" value=\"\" size=\"40\" class=\"wpcf7-form-control wpcf7-text wpcf7-validates-as-required form-control\" aria-required=\"true\" aria-invalid=\"false\" \/><\/span>\n\t\t\t<\/div><\/div>\n<div class=\"col-md-12\">\n<div class=\"form-group mb-20\">\n\t\t\t<label>Mensaje:<\/label><br \/>\n\t\t\t<span class=\"wpcf7-form-control-wrap your-message\"><textarea name=\"your-message\" cols=\"40\" rows=\"10\" class=\"wpcf7-form-control wpcf7-textarea form-control\" aria-invalid=\"false\"><\/textarea><\/span>\n\t\t\t<\/div><\/div>\n<div class=\"col-md-12\"><span class=\"wpcf7-form-control-wrap acceptance-968\"><span class=\"wpcf7-form-control wpcf7-acceptance\"><span class=\"wpcf7-list-item\"><label><input type=\"checkbox\" name=\"acceptance-968\" value=\"1\" aria-invalid=\"false\" \/><span class=\"wpcf7-list-item-label\">Consiento el tratamiento de mis datos. FUNDACI\u00d3 PLANAS CASALS tratar\u00e1 sus datos con la finalidad de gestionar su participaci\u00f3n en nuestros procesos de voluntariado. Puede ejercer sus derechos de acceso, rectificaci\u00f3n, supresi\u00f3n, portabilidad, limitaci\u00f3n y oposici\u00f3n, como le informamos en nuestra <a href=\"http:\/\/fundacioplanascasals.org\/es\/politica-de-privacidad-y-aviso-legal\/\" title=\"Pol\u00edtica de Privacidad y Aviso Legal\" target=\"_blank\">Pol\u00edtica de Privacidad y Aviso Legal<\/a>.<\/span><\/label><\/span><\/span><\/span> <\/div>\n<\/div>\n<div class=\"col-md-12\">\n<div class=\"form-group text-center mt-30\">\n\t\t\t<input type=\"submit\" value=\"Envia\" class=\"wpcf7-form-control wpcf7-submit btn btn-round btn-dark btn-theme-colored1\" \/>\n\t\t\t<\/div><\/div><\/div>\n<\/div>\n<div class=\"wpcf7-response-output wpcf7-display-none\"><\/div><\/form><\/div>[\/vc_column_inner][vc_column_inner width=\u00bb2\/12&#8243;][\/vc_column_inner][\/vc_row_inner][\/vc_column][\/vc_row]<\/p>\n","protected":false},"excerpt":{"rendered":"<p>[vc_row][vc_column][vc_cta h2=\u00bbQuieres informaci\u00f3n sobre c\u00f3mo ser voluntario o hacer un donativo?\u00bb h4=\u00bbTe explicamos c\u00f3mo debajo.\u00bb][\/vc_cta][\/vc_column][\/vc_row][vc_row css=\u00bb.vc_custom_1527918989580{padding-bottom: 60px !important;}\u00bb][vc_column width=\u00bb1\/2&#8243;][vc_column_text] Para&#8230;<\/p>\n","protected":false},"author":1,"featured_media":0,"parent":0,"menu_order":0,"comment_status":"closed","ping_status":"closed","template":"","meta":[],"_links":{"self":[{"href":"https:\/\/fundacioplanascasals.org\/es\/wp-json\/wp\/v2\/pages\/17684"}],"collection":[{"href":"https:\/\/fundacioplanascasals.org\/es\/wp-json\/wp\/v2\/pages"}],"about":[{"href":"https:\/\/fundacioplanascasals.org\/es\/wp-json\/wp\/v2\/types\/page"}],"author":[{"embeddable":true,"href":"https:\/\/fundacioplanascasals.org\/es\/wp-json\/wp\/v2\/users\/1"}],"replies":[{"embeddable":true,"href":"https:\/\/fundacioplanascasals.org\/es\/wp-json\/wp\/v2\/comments?post=17684"}],"version-history":[{"count":10,"href":"https:\/\/fundacioplanascasals.org\/es\/wp-json\/wp\/v2\/pages\/17684\/revisions"}],"predecessor-version":[{"id":18244,"href":"https:\/\/fundacioplanascasals.org\/es\/wp-json\/wp\/v2\/pages\/17684\/revisions\/18244"}],"wp:attachment":[{"href":"https:\/\/fundacioplanascasals.org\/es\/wp-json\/wp\/v2\/media?parent=17684"}],"curies":[{"name":"wp","href":"https:\/\/api.w.org\/{rel}","templated":true}]}}